{"id":19435,"date":"2023-04-20T10:50:01","date_gmt":"2023-04-20T08:50:01","guid":{"rendered":"https:\/\/www.fotoboxx.shop\/?page_id=19435"},"modified":"2026-03-26T14:35:15","modified_gmt":"2026-03-26T13:35:15","slug":"kontakt","status":"publish","type":"page","link":"https:\/\/www.fotoboxx.shop\/index.php\/kontakt\/","title":{"rendered":"Kontakt"},"content":{"rendered":"\t\t<div data-elementor-type=\"wp-page\" data-elementor-id=\"19435\" class=\"elementor elementor-19435\">\n\t\t\t\t\t\t\t\t\t<div class=\"elementor-section elementor-top-section elementor-element elementor-element-7f12294 elementor-section-stretched elementor-section-boxed elementor-section-height-default elementor-section-height-default\" data-id=\"7f12294\" data-element_type=\"section\" data-settings=\"{&quot;stretch_section&quot;:&quot;section-stretched&quot;}\">\n\t\t\t\t\t\t<div class=\"elementor-container elementor-column-gap-no\">\n\t\t\t\t\t<div class=\"elementor-column elementor-col-100 elementor-top-column elementor-element elementor-element-129c90a0\" data-id=\"129c90a0\" data-element_type=\"column\">\n\t\t\t<div class=\"elementor-widget-wrap elementor-element-populated\">\n\t\t\t\t\t\t\t\t<div class=\"elementor-element elementor-element-7474464d elementor-widget elementor-widget-heading\" data-id=\"7474464d\" data-element_type=\"widget\" data-widget_type=\"heading.default\">\n\t\t\t\t<div class=\"elementor-widget-container\">\n\t\t\t<style>\/*! elementor - v3.13.2 - 11-05-2023 *\/\n.elementor-heading-title{padding:0;margin:0;line-height:1}.elementor-widget-heading .elementor-heading-title[class*=elementor-size-]>a{color:inherit;font-size:inherit;line-height:inherit}.elementor-widget-heading .elementor-heading-title.elementor-size-small{font-size:15px}.elementor-widget-heading .elementor-heading-title.elementor-size-medium{font-size:19px}.elementor-widget-heading .elementor-heading-title.elementor-size-large{font-size:29px}.elementor-widget-heading .elementor-heading-title.elementor-size-xl{font-size:39px}.elementor-widget-heading .elementor-heading-title.elementor-size-xxl{font-size:59px}<\/style><h2 class=\"elementor-heading-title elementor-size-default\">Wie k\u00f6nnen wir helfen?<\/h2>\t\t<\/div>\n\t\t\t\t<\/div>\n\t\t\t\t<div class=\"elementor-element elementor-element-20b16682 elementor-widget elementor-widget-text-editor\" data-id=\"20b16682\" data-element_type=\"widget\" data-widget_type=\"text-editor.default\">\n\t\t\t\t<div class=\"elementor-widget-container\">\n\t\t\t<style>\/*! elementor - v3.13.2 - 11-05-2023 *\/\n.elementor-widget-text-editor.elementor-drop-cap-view-stacked .elementor-drop-cap{background-color:#69727d;color:#fff}.elementor-widget-text-editor.elementor-drop-cap-view-framed .elementor-drop-cap{color:#69727d;border:3px solid;background-color:transparent}.elementor-widget-text-editor:not(.elementor-drop-cap-view-default) .elementor-drop-cap{margin-top:8px}.elementor-widget-text-editor:not(.elementor-drop-cap-view-default) .elementor-drop-cap-letter{width:1em;height:1em}.elementor-widget-text-editor .elementor-drop-cap{float:left;text-align:center;line-height:1;font-size:50px}.elementor-widget-text-editor .elementor-drop-cap-letter{display:inline-block}<\/style>\t\t\t\t<p>Fragen rund um die Fotoboxx beantworten wir gern\u00a0<br \/>per Mail oder telefonisch.<\/p>\t\t\t\t\t\t<\/div>\n\t\t\t\t<\/div>\n\t\t\t\t\t<\/div>\n\t\t<\/div>\n\t\t\t\t\t\t\t<\/div>\n\t\t<\/div>\n\t\t\t\t<div class=\"elementor-section elementor-top-section elementor-element elementor-element-5abad711 elementor-section-stretched elementor-section-boxed elementor-section-height-default elementor-section-height-default\" data-id=\"5abad711\" data-element_type=\"section\" data-settings=\"{&quot;stretch_section&quot;:&quot;section-stretched&quot;}\">\n\t\t\t\t\t\t<div class=\"elementor-container elementor-column-gap-no\">\n\t\t\t\t\t<div class=\"elementor-column elementor-col-50 elementor-top-column elementor-element elementor-element-5bc5eaa9\" data-id=\"5bc5eaa9\" data-element_type=\"column\">\n\t\t\t<div class=\"elementor-widget-wrap elementor-element-populated\">\n\t\t\t\t\t\t\t\t<div class=\"elementor-element elementor-element-9d1b416 elementor-widget__width-initial elementor-widget elementor-widget-shortcode\" data-id=\"9d1b416\" data-element_type=\"widget\" data-widget_type=\"shortcode.default\">\n\t\t\t\t<div class=\"elementor-widget-container\">\n\t\t\t\t\t<div class=\"elementor-shortcode\">\n<div class=\"wpcf7 no-js\" id=\"wpcf7-f19442-o1\" lang=\"de-DE\" dir=\"ltr\">\n<div class=\"screen-reader-response\"><p role=\"status\" aria-live=\"polite\" aria-atomic=\"true\"><\/p> <ul><\/ul><\/div>\n<form action=\"\/index.php\/wp-json\/wp\/v2\/pages\/19435#wpcf7-f19442-o1\" method=\"post\" class=\"wpcf7-form init\" aria-label=\"Kontaktformular\" novalidate=\"novalidate\" data-status=\"init\">\n<div style=\"display: none;\">\n<input type=\"hidden\" name=\"_wpcf7\" value=\"19442\" \/>\n<input type=\"hidden\" name=\"_wpcf7_version\" value=\"5.7.6\" \/>\n<input type=\"hidden\" name=\"_wpcf7_locale\" value=\"de_DE\" \/>\n<input type=\"hidden\" name=\"_wpcf7_unit_tag\" value=\"wpcf7-f19442-o1\" \/>\n<input type=\"hidden\" name=\"_wpcf7_container_post\" value=\"0\" \/>\n<input type=\"hidden\" name=\"_wpcf7_posted_data_hash\" value=\"\" \/>\n<\/div>\n<p><span class=\"wpcf7-form-control-wrap\" data-name=\"your-fullname\"><input size=\"40\" class=\"wpcf7-form-control wpcf7-text wpcf7-validates-as-required form-fluid\" aria-required=\"true\" aria-invalid=\"false\" placeholder=\"Name\" value=\"\" type=\"text\" name=\"your-fullname\" \/><\/span>\n<\/p>\n<p><span class=\"wpcf7-form-control-wrap\" data-name=\"your-company\"><input size=\"40\" class=\"wpcf7-form-control wpcf7-text wpcf7-validates-as-required form-fluid\" aria-required=\"true\" aria-invalid=\"false\" placeholder=\"Firma\" value=\"\" type=\"text\" name=\"your-company\" \/><\/span>\n<\/p>\n<p><span class=\"wpcf7-form-control-wrap\" data-name=\"your-address\"><input size=\"40\" class=\"wpcf7-form-control wpcf7-text wpcf7-validates-as-required form-fluid\" aria-required=\"true\" aria-invalid=\"false\" placeholder=\"Adresse\" value=\"\" type=\"text\" name=\"your-address\" \/><\/span>\n<\/p>\n<div class=\"wpcf7-inline-wrapper\">\n\t<p class=\"wpcf7-inline-field\"><span class=\"wpcf7-form-control-wrap\" data-name=\"your-email\"><input size=\"40\" class=\"wpcf7-form-control wpcf7-text wpcf7-email wpcf7-validates-as-required wpcf7-validates-as-email\" aria-required=\"true\" aria-invalid=\"false\" placeholder=\"E-Mail\" value=\"\" type=\"email\" name=\"your-email\" \/><\/span>\n\t<\/p>\n\t<p class=\"wpcf7-inline-field\"><span class=\"wpcf7-form-control-wrap\" data-name=\"your-telephone\"><input size=\"40\" class=\"wpcf7-form-control wpcf7-text wpcf7-validates-as-required form-fluid\" aria-required=\"true\" aria-invalid=\"false\" placeholder=\"Telefon\" value=\"\" type=\"text\" name=\"your-telephone\" \/><\/span>\n\t<\/p>\n\t<p><span id=\"wpcf7-69dedb7fde898-wrapper\" class=\"wpcf7-form-control-wrap first-name-wrap\" style=\"display:none !important; visibility:hidden !important;\"><label for=\"wpcf7-69dedb7fde898-field\" class=\"hp-message\">Bitte lasse dieses Feld leer.<\/label><input id=\"wpcf7-69dedb7fde898-field\"  class=\"wpcf7-form-control wpcf7-text\" type=\"text\" name=\"first-name\" value=\"\" size=\"40\" tabindex=\"-1\" autocomplete=\"new-password\" \/><\/span><br \/>\n<span id=\"wpcf7-69dedb7fde8f3-wrapper\" class=\"wpcf7-form-control-wrap last-name-wrap\" style=\"display:none !important; visibility:hidden !important;\"><label for=\"wpcf7-69dedb7fde8f3-field\" class=\"hp-message\">Bitte lasse dieses Feld leer.<\/label><input id=\"wpcf7-69dedb7fde8f3-field\"  class=\"wpcf7-form-control wpcf7-text\" type=\"text\" name=\"last-name\" value=\"\" size=\"40\" tabindex=\"-1\" autocomplete=\"new-password\" \/><\/span>\n\t<\/p>\n<\/div>\n<p><span class=\"wpcf7-form-control-wrap\" data-name=\"your-message\"><textarea cols=\"40\" rows=\"8\" class=\"wpcf7-form-control wpcf7-textarea\" aria-invalid=\"false\" placeholder=\"Nachricht\" name=\"your-message\"><\/textarea><\/span>\n<\/p>\n<p><span class=\"wpcf7-form-control-wrap\" data-name=\"acceptance-728\"><span class=\"wpcf7-form-control wpcf7-acceptance\"><span class=\"wpcf7-list-item\"><label><input type=\"checkbox\" name=\"acceptance-728\" value=\"1\" aria-invalid=\"false\" \/><span class=\"wpcf7-list-item-label\"><span style=\"color: #999999;\"> Ich stimme den <a href=\"\/index.php\/datenschutz\/\" target=\"_blank\"> <span style=\"color: #999999;\">Datenschutzbestimmungen<\/span><\/a> zu.<\/span><\/span><\/label><\/span><\/span><\/span>\n<\/p>\n<p><em><span style=\"color: #999999;\">Einwilligungserkl\u00e4rung zur Erhebung meiner Daten<\/span>.\u00a0<span style=\"color: #999999;\">Mit der Eingabe meiner Daten und der Best\u00e4tigung des Buttons \u201eSenden\u201c erkl\u00e4re ich mein Einverst\u00e4ndnis zur Verarbeitung meiner E-Mail-Adresse, meines Namens und Telefonnummer f\u00fcr die Beantwortung meiner Kontaktanfrage.<\/span>\u00a0<span style=\"color: #999999;\">Ich habe die aktuelle Datenschutzerkl\u00e4rung der Firma kamasys GmbH gelesen und akzeptiere diese. <\/span><span style=\"color: #999999;\">Diese Einwilligung kann ich jederzeit mit zuk\u00fcnftiger Wirkung widerrufen: datenschutz@kamasys.de.<\/span><\/em>\n<\/p>\n<p><input class=\"wpcf7-form-control has-spinner wpcf7-submit btn btn-accent\" type=\"submit\" value=\"Senden\" \/>\n<\/p><div class=\"wpcf7-response-output\" aria-hidden=\"true\"><\/div>\n<\/form>\n<\/div>\n<\/div>\n\t\t\t\t<\/div>\n\t\t\t\t<\/div>\n\t\t\t\t\t<\/div>\n\t\t<\/div>\n\t\t\t\t<div class=\"elementor-column elementor-col-50 elementor-top-column elementor-element elementor-element-1f81a387\" data-id=\"1f81a387\" data-element_type=\"column\">\n\t\t\t<div class=\"elementor-widget-wrap elementor-element-populated\">\n\t\t\t\t\t\t\t\t<div class=\"elementor-section elementor-inner-section elementor-element elementor-element-5e955705 elementor-section-full_width elementor-section-height-default elementor-section-height-default\" data-id=\"5e955705\" data-element_type=\"section\">\n\t\t\t\t\t\t<div class=\"elementor-container elementor-column-gap-no\">\n\t\t\t\t\t<div class=\"elementor-column elementor-col-100 elementor-inner-column elementor-element elementor-element-7cf1db15\" data-id=\"7cf1db15\" data-element_type=\"column\">\n\t\t\t<div class=\"elementor-widget-wrap elementor-element-populated\">\n\t\t\t\t\t\t\t\t<div class=\"elementor-element elementor-element-12bcd7d1 elementor-position-left elementor-view-default elementor-mobile-position-top elementor-vertical-align-top elementor-widget elementor-widget-icon-box\" data-id=\"12bcd7d1\" data-element_type=\"widget\" data-widget_type=\"icon-box.default\">\n\t\t\t\t<div class=\"elementor-widget-container\">\n\t\t\t<link rel=\"stylesheet\" href=\"https:\/\/www.fotoboxx.shop\/wp-content\/plugins\/elementor\/assets\/css\/widget-icon-box.min.css\">\t\t<div class=\"elementor-icon-box-wrapper\">\n\t\t\t\t\t\t<div class=\"elementor-icon-box-icon\">\n\t\t\t\t<a class=\"elementor-icon elementor-animation-\" href=\"https:\/\/www.google.com\/maps\/place\/kamasys+GmbH\/@52.519366,13.3873667,17z\/data=!3m1!4b1!4m6!3m5!1s0x47a1268f81d62b0b:0xf61526c2ae4ed0d8!8m2!3d52.519366!4d13.3895554!16s%2Fg%2F11c1wxzh1p\" target=\"_blank\">\n\t\t\t\t<i aria-hidden=\"true\" class=\"smartic-icon- smartic-icon-map-marker\"><\/i>\t\t\t\t<\/a>\n\t\t\t<\/div>\n\t\t\t\t\t\t<div class=\"elementor-icon-box-content\">\n\t\t\t\t<h3 class=\"elementor-icon-box-title\">\n\t\t\t\t\t<a href=\"https:\/\/www.google.com\/maps\/place\/kamasys+GmbH\/@52.519366,13.3873667,17z\/data=!3m1!4b1!4m6!3m5!1s0x47a1268f81d62b0b:0xf61526c2ae4ed0d8!8m2!3d52.519366!4d13.3895554!16s%2Fg%2F11c1wxzh1p\" target=\"_blank\" >\n\t\t\t\t\t\tfotoboxx.shop\t\t\t\t\t<\/a>\n\t\t\t\t<\/h3>\n\t\t\t\t\t\t\t\t\t<p class=\"elementor-icon-box-description\">\n\t\t\t\t\t\tmenio GmbH<br>Alexanderstra\u00dfe 3<br>\n30159 Hannover\n\t\t\t\t\t<\/p>\n\t\t\t\t\t\t\t<\/div>\n\t\t<\/div>\n\t\t\t\t<\/div>\n\t\t\t\t<\/div>\n\t\t\t\t<div class=\"elementor-element elementor-element-4b738689 elementor-position-left elementor-view-default elementor-mobile-position-top elementor-vertical-align-top elementor-widget elementor-widget-icon-box\" data-id=\"4b738689\" data-element_type=\"widget\" data-widget_type=\"icon-box.default\">\n\t\t\t\t<div class=\"elementor-widget-container\">\n\t\t\t\t\t<div class=\"elementor-icon-box-wrapper\">\n\t\t\t\t\t\t<div class=\"elementor-icon-box-icon\">\n\t\t\t\t<a class=\"elementor-icon elementor-animation-\" href=\"tel:00493020963919\" target=\"_blank\">\n\t\t\t\t<i aria-hidden=\"true\" class=\"smartic-icon- smartic-icon-phone-3\"><\/i>\t\t\t\t<\/a>\n\t\t\t<\/div>\n\t\t\t\t\t\t<div class=\"elementor-icon-box-content\">\n\t\t\t\t<h3 class=\"elementor-icon-box-title\">\n\t\t\t\t\t<a href=\"tel:00493020963919\" target=\"_blank\" >\n\t\t\t\t\t\t+49-511 1658 990\t\t\t\t\t<\/a>\n\t\t\t\t<\/h3>\n\t\t\t\t\t\t\t<\/div>\n\t\t<\/div>\n\t\t\t\t<\/div>\n\t\t\t\t<\/div>\n\t\t\t\t<div class=\"elementor-element elementor-element-5633cb73 elementor-position-left elementor-view-default elementor-mobile-position-top elementor-vertical-align-top elementor-widget elementor-widget-icon-box\" data-id=\"5633cb73\" data-element_type=\"widget\" data-widget_type=\"icon-box.default\">\n\t\t\t\t<div class=\"elementor-widget-container\">\n\t\t\t\t\t<div class=\"elementor-icon-box-wrapper\">\n\t\t\t\t\t\t<div class=\"elementor-icon-box-icon\">\n\t\t\t\t<a class=\"elementor-icon elementor-animation-\" href=\"mailto:kontakt@fotoboxx.shop\">\n\t\t\t\t<i aria-hidden=\"true\" class=\"smartic-icon- smartic-icon-mail\"><\/i>\t\t\t\t<\/a>\n\t\t\t<\/div>\n\t\t\t\t\t\t<div class=\"elementor-icon-box-content\">\n\t\t\t\t<h3 class=\"elementor-icon-box-title\">\n\t\t\t\t\t<a href=\"mailto:kontakt@fotoboxx.shop\" >\n\t\t\t\t\t\tEmail\t\t\t\t\t<\/a>\n\t\t\t\t<\/h3>\n\t\t\t\t\t\t\t\t\t<p class=\"elementor-icon-box-description\">\n\t\t\t\t\t\t<a><span style=\"\n    border-bottom: 1px solid;\n    border-bottom-color: var(--primary);\n\">kontakt@fotoboxx.shop<\/span><\/a>\t\t\t\t\t<\/p>\n\t\t\t\t\t\t\t<\/div>\n\t\t<\/div>\n\t\t\t\t<\/div>\n\t\t\t\t<\/div>\n\t\t\t\t\t<\/div>\n\t\t<\/div>\n\t\t\t\t\t\t\t<\/div>\n\t\t<\/div>\n\t\t\t\t\t<\/div>\n\t\t<\/div>\n\t\t\t\t\t\t\t<\/div>\n\t\t<\/div>\n\t\t\t\t\t\t\t<\/div>\n\t\t","protected":false},"excerpt":{"rendered":"<p>Wie k\u00f6nnen wir helfen? Fragen rund um die Fotoboxx beantworten wir gern\u00a0per Mail oder telefonisch. fotoboxx.shop menio GmbHAlexanderstra\u00dfe 3 30159 Hannover +49-511 1658 990 Email kontakt@fotoboxx.shop<\/p>\n","protected":false},"author":1,"featured_media":0,"parent":0,"menu_order":0,"comment_status":"closed","ping_status":"closed","template":"template-homepage.php","meta":{"inline_featured_image":false,"footnotes":""},"class_list":["post-19435","page","type-page","status-publish","hentry"],"yoast_head":"<!-- This site is optimized with the Yoast SEO plugin v20.7 - https:\/\/yoast.com\/wordpress\/plugins\/seo\/ -->\n<title>Kontakt - Fotoboxx<\/title>\n<meta name=\"robots\" content=\"index, follow, max-snippet:-1, max-image-preview:large, max-video-preview:-1\" \/>\n<link rel=\"canonical\" href=\"https:\/\/www.fotoboxx.shop\/index.php\/kontakt\/\" \/>\n<meta property=\"og:locale\" content=\"de_DE\" \/>\n<meta property=\"og:type\" content=\"article\" \/>\n<meta property=\"og:title\" content=\"Kontakt - Fotoboxx\" \/>\n<meta property=\"og:description\" content=\"Wie k\u00f6nnen wir helfen? Fragen rund um die Fotoboxx beantworten wir gern\u00a0per Mail oder telefonisch. fotoboxx.shop menio GmbHAlexanderstra\u00dfe 3 30159 Hannover +49-511 1658 990 Email kontakt@fotoboxx.shop\" \/>\n<meta property=\"og:url\" content=\"https:\/\/www.fotoboxx.shop\/index.php\/kontakt\/\" \/>\n<meta property=\"og:site_name\" content=\"Fotoboxx\" \/>\n<meta property=\"article:publisher\" content=\"https:\/\/www.facebook.com\/kamasysgmbh\" \/>\n<meta property=\"article:modified_time\" content=\"2026-03-26T13:35:15+00:00\" \/>\n<meta name=\"twitter:card\" content=\"summary_large_image\" \/>\n<meta name=\"twitter:label1\" content=\"Gesch\u00e4tzte Lesezeit\" \/>\n\t<meta name=\"twitter:data1\" content=\"1\u00a0Minute\" \/>\n<script type=\"application\/ld+json\" class=\"yoast-schema-graph\">{\"@context\":\"https:\/\/schema.org\",\"@graph\":[{\"@type\":\"WebPage\",\"@id\":\"https:\/\/www.fotoboxx.shop\/index.php\/kontakt\/\",\"url\":\"https:\/\/www.fotoboxx.shop\/index.php\/kontakt\/\",\"name\":\"Kontakt - Fotoboxx\",\"isPartOf\":{\"@id\":\"https:\/\/www.fotoboxx.shop\/#website\"},\"datePublished\":\"2023-04-20T08:50:01+00:00\",\"dateModified\":\"2026-03-26T13:35:15+00:00\",\"breadcrumb\":{\"@id\":\"https:\/\/www.fotoboxx.shop\/index.php\/kontakt\/#breadcrumb\"},\"inLanguage\":\"de\",\"potentialAction\":[{\"@type\":\"ReadAction\",\"target\":[\"https:\/\/www.fotoboxx.shop\/index.php\/kontakt\/\"]}]},{\"@type\":\"BreadcrumbList\",\"@id\":\"https:\/\/www.fotoboxx.shop\/index.php\/kontakt\/#breadcrumb\",\"itemListElement\":[{\"@type\":\"ListItem\",\"position\":1,\"name\":\"Home\",\"item\":\"https:\/\/www.fotoboxx.shop\/\"},{\"@type\":\"ListItem\",\"position\":2,\"name\":\"Kontakt\"}]},{\"@type\":\"WebSite\",\"@id\":\"https:\/\/www.fotoboxx.shop\/#website\",\"url\":\"https:\/\/www.fotoboxx.shop\/\",\"name\":\"Fotoboxx\",\"description\":\"\",\"publisher\":{\"@id\":\"https:\/\/www.fotoboxx.shop\/#organization\"},\"potentialAction\":[{\"@type\":\"SearchAction\",\"target\":{\"@type\":\"EntryPoint\",\"urlTemplate\":\"https:\/\/www.fotoboxx.shop\/?s={search_term_string}\"},\"query-input\":\"required name=search_term_string\"}],\"inLanguage\":\"de\"},{\"@type\":\"Organization\",\"@id\":\"https:\/\/www.fotoboxx.shop\/#organization\",\"name\":\"Fotoboxx by kamasys\",\"url\":\"https:\/\/www.fotoboxx.shop\/\",\"logo\":{\"@type\":\"ImageObject\",\"inLanguage\":\"de\",\"@id\":\"https:\/\/www.fotoboxx.shop\/#\/schema\/logo\/image\/\",\"url\":\"https:\/\/www.fotoboxx.shop\/wp-content\/uploads\/2023\/04\/cropped-logo.png\",\"contentUrl\":\"https:\/\/www.fotoboxx.shop\/wp-content\/uploads\/2023\/04\/cropped-logo.png\",\"width\":241,\"height\":71,\"caption\":\"Fotoboxx by kamasys\"},\"image\":{\"@id\":\"https:\/\/www.fotoboxx.shop\/#\/schema\/logo\/image\/\"},\"sameAs\":[\"https:\/\/www.facebook.com\/kamasysgmbh\",\"https:\/\/www.instagram.com\/kamasys_gmbh\",\"https:\/\/de.linkedin.com\/company\/kamasys-gmbh\"]}]}<\/script>\n<!-- \/ Yoast SEO plugin. -->","yoast_head_json":{"title":"Kontakt - Fotoboxx","robots":{"index":"index","follow":"follow","max-snippet":"max-snippet:-1","max-image-preview":"max-image-preview:large","max-video-preview":"max-video-preview:-1"},"canonical":"https:\/\/www.fotoboxx.shop\/index.php\/kontakt\/","og_locale":"de_DE","og_type":"article","og_title":"Kontakt - Fotoboxx","og_description":"Wie k\u00f6nnen wir helfen? Fragen rund um die Fotoboxx beantworten wir gern\u00a0per Mail oder telefonisch. fotoboxx.shop menio GmbHAlexanderstra\u00dfe 3 30159 Hannover +49-511 1658 990 Email kontakt@fotoboxx.shop","og_url":"https:\/\/www.fotoboxx.shop\/index.php\/kontakt\/","og_site_name":"Fotoboxx","article_publisher":"https:\/\/www.facebook.com\/kamasysgmbh","article_modified_time":"2026-03-26T13:35:15+00:00","twitter_card":"summary_large_image","twitter_misc":{"Gesch\u00e4tzte Lesezeit":"1\u00a0Minute"},"schema":{"@context":"https:\/\/schema.org","@graph":[{"@type":"WebPage","@id":"https:\/\/www.fotoboxx.shop\/index.php\/kontakt\/","url":"https:\/\/www.fotoboxx.shop\/index.php\/kontakt\/","name":"Kontakt - Fotoboxx","isPartOf":{"@id":"https:\/\/www.fotoboxx.shop\/#website"},"datePublished":"2023-04-20T08:50:01+00:00","dateModified":"2026-03-26T13:35:15+00:00","breadcrumb":{"@id":"https:\/\/www.fotoboxx.shop\/index.php\/kontakt\/#breadcrumb"},"inLanguage":"de","potentialAction":[{"@type":"ReadAction","target":["https:\/\/www.fotoboxx.shop\/index.php\/kontakt\/"]}]},{"@type":"BreadcrumbList","@id":"https:\/\/www.fotoboxx.shop\/index.php\/kontakt\/#breadcrumb","itemListElement":[{"@type":"ListItem","position":1,"name":"Home","item":"https:\/\/www.fotoboxx.shop\/"},{"@type":"ListItem","position":2,"name":"Kontakt"}]},{"@type":"WebSite","@id":"https:\/\/www.fotoboxx.shop\/#website","url":"https:\/\/www.fotoboxx.shop\/","name":"Fotoboxx","description":"","publisher":{"@id":"https:\/\/www.fotoboxx.shop\/#organization"},"potentialAction":[{"@type":"SearchAction","target":{"@type":"EntryPoint","urlTemplate":"https:\/\/www.fotoboxx.shop\/?s={search_term_string}"},"query-input":"required name=search_term_string"}],"inLanguage":"de"},{"@type":"Organization","@id":"https:\/\/www.fotoboxx.shop\/#organization","name":"Fotoboxx by kamasys","url":"https:\/\/www.fotoboxx.shop\/","logo":{"@type":"ImageObject","inLanguage":"de","@id":"https:\/\/www.fotoboxx.shop\/#\/schema\/logo\/image\/","url":"https:\/\/www.fotoboxx.shop\/wp-content\/uploads\/2023\/04\/cropped-logo.png","contentUrl":"https:\/\/www.fotoboxx.shop\/wp-content\/uploads\/2023\/04\/cropped-logo.png","width":241,"height":71,"caption":"Fotoboxx by kamasys"},"image":{"@id":"https:\/\/www.fotoboxx.shop\/#\/schema\/logo\/image\/"},"sameAs":["https:\/\/www.facebook.com\/kamasysgmbh","https:\/\/www.instagram.com\/kamasys_gmbh","https:\/\/de.linkedin.com\/company\/kamasys-gmbh"]}]}},"_links":{"self":[{"href":"https:\/\/www.fotoboxx.shop\/index.php\/wp-json\/wp\/v2\/pages\/19435","targetHints":{"allow":["GET"]}}],"collection":[{"href":"https:\/\/www.fotoboxx.shop\/index.php\/wp-json\/wp\/v2\/pages"}],"about":[{"href":"https:\/\/www.fotoboxx.shop\/index.php\/wp-json\/wp\/v2\/types\/page"}],"author":[{"embeddable":true,"href":"https:\/\/www.fotoboxx.shop\/index.php\/wp-json\/wp\/v2\/users\/1"}],"replies":[{"embeddable":true,"href":"https:\/\/www.fotoboxx.shop\/index.php\/wp-json\/wp\/v2\/comments?post=19435"}],"version-history":[{"count":46,"href":"https:\/\/www.fotoboxx.shop\/index.php\/wp-json\/wp\/v2\/pages\/19435\/revisions"}],"predecessor-version":[{"id":20055,"href":"https:\/\/www.fotoboxx.shop\/index.php\/wp-json\/wp\/v2\/pages\/19435\/revisions\/20055"}],"wp:attachment":[{"href":"https:\/\/www.fotoboxx.shop\/index.php\/wp-json\/wp\/v2\/media?parent=19435"}],"curies":[{"name":"wp","href":"https:\/\/api.w.org\/{rel}","templated":true}]}}