{"id":19579,"date":"2023-05-10T15:11:02","date_gmt":"2023-05-10T13:11:02","guid":{"rendered":"https:\/\/www.fotoboxx.shop\/?page_id=19579"},"modified":"2023-05-16T14:13:44","modified_gmt":"2023-05-16T12:13:44","slug":"ueber-uns","status":"publish","type":"page","link":"https:\/\/www.fotoboxx.shop\/index.php\/ueber-uns\/","title":{"rendered":"\u00dcber uns"},"content":{"rendered":"\t\t<div data-elementor-type=\"wp-page\" data-elementor-id=\"19579\" class=\"elementor elementor-19579\">\n\t\t\t\t\t\t\t\t\t<div class=\"elementor-section elementor-top-section elementor-element elementor-element-50597da elementor-section-full_width elementor-section-stretched elementor-section-height-default elementor-section-height-default\" data-id=\"50597da\" data-element_type=\"section\" data-settings=\"{&quot;stretch_section&quot;:&quot;section-stretched&quot;}\">\n\t\t\t\t\t\t<div class=\"elementor-container elementor-column-gap-no\">\n\t\t\t\t\t<div class=\"elementor-column elementor-col-100 elementor-top-column elementor-element elementor-element-9f2f41e\" data-id=\"9f2f41e\" data-element_type=\"column\">\n\t\t\t<div class=\"elementor-widget-wrap elementor-element-populated\">\n\t\t\t\t\t\t\t\t<div class=\"elementor-element elementor-element-ed9fe0f elementor-widget-divider--view-line elementor-widget elementor-widget-divider\" data-id=\"ed9fe0f\" data-element_type=\"widget\" data-widget_type=\"divider.default\">\n\t\t\t\t<div class=\"elementor-widget-container\">\n\t\t\t<style>\/*! elementor - v3.13.2 - 11-05-2023 *\/\n.elementor-widget-divider{--divider-border-style:none;--divider-border-width:1px;--divider-color:#0c0d0e;--divider-icon-size:20px;--divider-element-spacing:10px;--divider-pattern-height:24px;--divider-pattern-size:20px;--divider-pattern-url:none;--divider-pattern-repeat:repeat-x}.elementor-widget-divider .elementor-divider{display:flex}.elementor-widget-divider .elementor-divider__text{font-size:15px;line-height:1;max-width:95%}.elementor-widget-divider .elementor-divider__element{margin:0 var(--divider-element-spacing);flex-shrink:0}.elementor-widget-divider .elementor-icon{font-size:var(--divider-icon-size)}.elementor-widget-divider .elementor-divider-separator{display:flex;margin:0;direction:ltr}.elementor-widget-divider--view-line_icon .elementor-divider-separator,.elementor-widget-divider--view-line_text .elementor-divider-separator{align-items:center}.elementor-widget-divider--view-line_icon .elementor-divider-separator:after,.elementor-widget-divider--view-line_icon .elementor-divider-separator:before,.elementor-widget-divider--view-line_text .elementor-divider-separator:after,.elementor-widget-divider--view-line_text .elementor-divider-separator:before{display:block;content:\"\";border-bottom:0;flex-grow:1;border-top:var(--divider-border-width) var(--divider-border-style) var(--divider-color)}.elementor-widget-divider--element-align-left .elementor-divider .elementor-divider-separator>.elementor-divider__svg:first-of-type{flex-grow:0;flex-shrink:100}.elementor-widget-divider--element-align-left .elementor-divider-separator:before{content:none}.elementor-widget-divider--element-align-left .elementor-divider__element{margin-left:0}.elementor-widget-divider--element-align-right .elementor-divider .elementor-divider-separator>.elementor-divider__svg:last-of-type{flex-grow:0;flex-shrink:100}.elementor-widget-divider--element-align-right .elementor-divider-separator:after{content:none}.elementor-widget-divider--element-align-right .elementor-divider__element{margin-right:0}.elementor-widget-divider:not(.elementor-widget-divider--view-line_text):not(.elementor-widget-divider--view-line_icon) .elementor-divider-separator{border-top:var(--divider-border-width) var(--divider-border-style) var(--divider-color)}.elementor-widget-divider--separator-type-pattern{--divider-border-style:none}.elementor-widget-divider--separator-type-pattern.elementor-widget-divider--view-line .elementor-divider-separator,.elementor-widget-divider--separator-type-pattern:not(.elementor-widget-divider--view-line) .elementor-divider-separator:after,.elementor-widget-divider--separator-type-pattern:not(.elementor-widget-divider--view-line) .elementor-divider-separator:before,.elementor-widget-divider--separator-type-pattern:not([class*=elementor-widget-divider--view]) .elementor-divider-separator{width:100%;min-height:var(--divider-pattern-height);-webkit-mask-size:var(--divider-pattern-size) 100%;mask-size:var(--divider-pattern-size) 100%;-webkit-mask-repeat:var(--divider-pattern-repeat);mask-repeat:var(--divider-pattern-repeat);background-color:var(--divider-color);-webkit-mask-image:var(--divider-pattern-url);mask-image:var(--divider-pattern-url)}.elementor-widget-divider--no-spacing{--divider-pattern-size:auto}.elementor-widget-divider--bg-round{--divider-pattern-repeat:round}.rtl .elementor-widget-divider .elementor-divider__text{direction:rtl}.e-con-inner>.elementor-widget-divider,.e-con>.elementor-widget-divider{width:var(--container-widget-width,100%);--flex-grow:var(--container-widget-flex-grow)}<\/style>\t\t<div class=\"elementor-divider\">\n\t\t\t<span class=\"elementor-divider-separator\">\n\t\t\t\t\t\t<\/span>\n\t\t<\/div>\n\t\t\t\t<\/div>\n\t\t\t\t<\/div>\n\t\t\t\t\t<\/div>\n\t\t<\/div>\n\t\t\t\t\t\t\t<\/div>\n\t\t<\/div>\n\t\t\t\t<div class=\"elementor-section elementor-top-section elementor-element elementor-element-7cd08ff elementor-section-stretched elementor-section-boxed elementor-section-height-default elementor-section-height-default\" data-id=\"7cd08ff\" data-element_type=\"section\" data-settings=\"{&quot;stretch_section&quot;:&quot;section-stretched&quot;}\">\n\t\t\t\t\t\t<div class=\"elementor-container elementor-column-gap-no\">\n\t\t\t\t\t<div class=\"elementor-column elementor-col-100 elementor-top-column elementor-element elementor-element-fc87367\" data-id=\"fc87367\" data-element_type=\"column\">\n\t\t\t<div class=\"elementor-widget-wrap elementor-element-populated\">\n\t\t\t\t\t\t\t\t<div class=\"elementor-element elementor-element-3979cb7 elementor-widget elementor-widget-heading\" data-id=\"3979cb7\" data-element_type=\"widget\" data-widget_type=\"heading.default\">\n\t\t\t\t<div class=\"elementor-widget-container\">\n\t\t\t<style>\/*! elementor - v3.13.2 - 11-05-2023 *\/\n.elementor-heading-title{padding:0;margin:0;line-height:1}.elementor-widget-heading .elementor-heading-title[class*=elementor-size-]>a{color:inherit;font-size:inherit;line-height:inherit}.elementor-widget-heading .elementor-heading-title.elementor-size-small{font-size:15px}.elementor-widget-heading .elementor-heading-title.elementor-size-medium{font-size:19px}.elementor-widget-heading .elementor-heading-title.elementor-size-large{font-size:29px}.elementor-widget-heading .elementor-heading-title.elementor-size-xl{font-size:39px}.elementor-widget-heading .elementor-heading-title.elementor-size-xxl{font-size:59px}<\/style><h3 class=\"elementor-heading-title elementor-size-default\">Wer wir sind<\/h3>\t\t<\/div>\n\t\t\t\t<\/div>\n\t\t\t\t<div class=\"elementor-section elementor-inner-section elementor-element elementor-element-c1ea1c9 elementor-section-boxed elementor-section-height-default elementor-section-height-default\" data-id=\"c1ea1c9\" data-element_type=\"section\">\n\t\t\t\t\t\t<div class=\"elementor-container elementor-column-gap-no\">\n\t\t\t\t\t<div class=\"elementor-column elementor-col-50 elementor-inner-column elementor-element elementor-element-41084a6\" data-id=\"41084a6\" data-element_type=\"column\">\n\t\t\t<div class=\"elementor-widget-wrap elementor-element-populated\">\n\t\t\t\t\t\t\t\t<div class=\"elementor-element elementor-element-766399d elementor-widget elementor-widget-image\" data-id=\"766399d\" data-element_type=\"widget\" data-widget_type=\"image.default\">\n\t\t\t\t<div class=\"elementor-widget-container\">\n\t\t\t<style>\/*! elementor - v3.13.2 - 11-05-2023 *\/\n.elementor-widget-image{text-align:center}.elementor-widget-image a{display:inline-block}.elementor-widget-image a img[src$=\".svg\"]{width:48px}.elementor-widget-image img{vertical-align:middle;display:inline-block}<\/style>\t\t\t\t\t\t\t\t\t\t\t\t<img loading=\"lazy\" decoding=\"async\" width=\"410\" height=\"490\" src=\"https:\/\/www.fotoboxx.shop\/wp-content\/uploads\/2023\/05\/about1-img.jpg\" class=\"attachment-full size-full wp-image-19584\" alt=\"\" srcset=\"https:\/\/www.fotoboxx.shop\/wp-content\/uploads\/2023\/05\/about1-img.jpg 410w, https:\/\/www.fotoboxx.shop\/wp-content\/uploads\/2023\/05\/about1-img-251x300.jpg 251w\" sizes=\"auto, (max-width: 410px) 100vw, 410px\" \/>\t\t\t\t\t\t\t\t\t\t\t\t\t\t\t<\/div>\n\t\t\t\t<\/div>\n\t\t\t\t\t<\/div>\n\t\t<\/div>\n\t\t\t\t<div class=\"elementor-column elementor-col-50 elementor-inner-column elementor-element elementor-element-f895c6f\" data-id=\"f895c6f\" data-element_type=\"column\">\n\t\t\t<div class=\"elementor-widget-wrap elementor-element-populated\">\n\t\t\t\t\t\t\t\t<div class=\"elementor-element elementor-element-cb728cb elementor-widget elementor-widget-image\" data-id=\"cb728cb\" data-element_type=\"widget\" data-widget_type=\"image.default\">\n\t\t\t\t<div class=\"elementor-widget-container\">\n\t\t\t\t\t\t\t\t\t\t\t\t\t\t\t<img loading=\"lazy\" decoding=\"async\" width=\"850\" height=\"490\" src=\"https:\/\/www.fotoboxx.shop\/wp-content\/uploads\/2023\/05\/about2-img.jpg\" class=\"attachment-full size-full wp-image-19585\" alt=\"\" srcset=\"https:\/\/www.fotoboxx.shop\/wp-content\/uploads\/2023\/05\/about2-img.jpg 850w, https:\/\/www.fotoboxx.shop\/wp-content\/uploads\/2023\/05\/about2-img-300x173.jpg 300w, https:\/\/www.fotoboxx.shop\/wp-content\/uploads\/2023\/05\/about2-img-768x443.jpg 768w, https:\/\/www.fotoboxx.shop\/wp-content\/uploads\/2023\/05\/about2-img-800x461.jpg 800w\" sizes=\"auto, (max-width: 850px) 100vw, 850px\" \/>\t\t\t\t\t\t\t\t\t\t\t\t\t\t\t<\/div>\n\t\t\t\t<\/div>\n\t\t\t\t\t<\/div>\n\t\t<\/div>\n\t\t\t\t\t\t\t<\/div>\n\t\t<\/div>\n\t\t\t\t\t<\/div>\n\t\t<\/div>\n\t\t\t\t\t\t\t<\/div>\n\t\t<\/div>\n\t\t\t\t<div class=\"elementor-section elementor-top-section elementor-element elementor-element-5f547c4 elementor-section-stretched elementor-section-boxed elementor-section-height-default elementor-section-height-default\" data-id=\"5f547c4\" data-element_type=\"section\" data-settings=\"{&quot;stretch_section&quot;:&quot;section-stretched&quot;}\">\n\t\t\t\t\t\t<div class=\"elementor-container elementor-column-gap-no\">\n\t\t\t\t\t<div class=\"elementor-column elementor-col-50 elementor-top-column elementor-element elementor-element-21855f5\" data-id=\"21855f5\" data-element_type=\"column\">\n\t\t\t<div class=\"elementor-widget-wrap elementor-element-populated\">\n\t\t\t\t\t\t\t\t<div class=\"elementor-element elementor-element-4d7e100 elementor-widget elementor-widget-heading\" data-id=\"4d7e100\" data-element_type=\"widget\" data-widget_type=\"heading.default\">\n\t\t\t\t<div class=\"elementor-widget-container\">\n\t\t\t<h2 class=\"elementor-heading-title elementor-size-default\">Die Macher hinter Fotoboxx<\/h2>\t\t<\/div>\n\t\t\t\t<\/div>\n\t\t\t\t<div class=\"elementor-element elementor-element-7e357eb elementor-widget elementor-widget-text-editor\" data-id=\"7e357eb\" data-element_type=\"widget\" data-widget_type=\"text-editor.default\">\n\t\t\t\t<div class=\"elementor-widget-container\">\n\t\t\t<style>\/*! elementor - v3.13.2 - 11-05-2023 *\/\n.elementor-widget-text-editor.elementor-drop-cap-view-stacked .elementor-drop-cap{background-color:#69727d;color:#fff}.elementor-widget-text-editor.elementor-drop-cap-view-framed .elementor-drop-cap{color:#69727d;border:3px solid;background-color:transparent}.elementor-widget-text-editor:not(.elementor-drop-cap-view-default) .elementor-drop-cap{margin-top:8px}.elementor-widget-text-editor:not(.elementor-drop-cap-view-default) .elementor-drop-cap-letter{width:1em;height:1em}.elementor-widget-text-editor .elementor-drop-cap{float:left;text-align:center;line-height:1;font-size:50px}.elementor-widget-text-editor .elementor-drop-cap-letter{display:inline-block}<\/style>\t\t\t\t<p style=\"font-weight: 400;\">Entwickelt wurde die Fotoboxx im Auftrag der kamasys GmbH. Der IT-Dienstleister entwickelt seit 20 Jahren L\u00f6sungen f\u00fcr die Gemeinschaftsverpflegung. Neben dem Kerngesch\u00e4ft \u2013 u. a. Mobile Anwendungen f\u00fcr Betriebsrestaurants, Digital-Signage-Systeme sowie Kassensysteme \u2013 ist die Fotoboxx als All-in-one-L\u00f6sung f\u00fcr die Produktfotografie die erste L\u00f6sung, die Branchen\u00fcbergreifend auch au\u00dferhalb der Gemeinschaftsverpflegung neue Ma\u00dfst\u00e4be setzt. Damit sollen nicht nur Gastronomen, sondern unter anderem auch KMU und Onlineverk\u00e4ufer eine Unterst\u00fctzung bekommen, eigene Abl\u00e4ufe zu optimieren und Ums\u00e4tze zu steigern.<\/p>\t\t\t\t\t\t<\/div>\n\t\t\t\t<\/div>\n\t\t\t\t\t<\/div>\n\t\t<\/div>\n\t\t\t\t<div class=\"elementor-column elementor-col-50 elementor-top-column elementor-element elementor-element-6ece322\" data-id=\"6ece322\" data-element_type=\"column\">\n\t\t\t<div class=\"elementor-widget-wrap elementor-element-populated\">\n\t\t\t\t\t\t\t\t<div class=\"elementor-element elementor-element-dad2fac elementor-widget elementor-widget-text-editor\" data-id=\"dad2fac\" data-element_type=\"widget\" data-widget_type=\"text-editor.default\">\n\t\t\t\t<div class=\"elementor-widget-container\">\n\t\t\t\t\t\t\t<p>\u201cNach monatelanger Suche mussten wir feststellen, dass es keine professionelle Fotobox auf dem europ\u00e4ischen Markt gibt, sodass wir uns entschieden haben, mit ortsans\u00e4ssigen Profis eine Eigene zu entwerfen und bauen zu lassen.<br \/>Das Ergebnis kann sich sehen lassen. Wir sind stolz darauf und freuen uns auf euer Feedback und nat\u00fcrlich \u00fcber Verbesserungsvorschl\u00e4ge.\u201d<\/p>\t\t\t\t\t\t<\/div>\n\t\t\t\t<\/div>\n\t\t\t\t<div class=\"elementor-element elementor-element-61fe062 elementor-widget elementor-widget-text-editor\" data-id=\"61fe062\" data-element_type=\"widget\" data-widget_type=\"text-editor.default\">\n\t\t\t\t<div class=\"elementor-widget-container\">\n\t\t\t\t\t\t\t<p><span style=\"color: #000000;\"><strong>Marcel Konrad \u00a0<\/strong><\/span> \/ CEO<\/p>\t\t\t\t\t\t<\/div>\n\t\t\t\t<\/div>\n\t\t\t\t\t<\/div>\n\t\t<\/div>\n\t\t\t\t\t\t\t<\/div>\n\t\t<\/div>\n\t\t\t\t\t\t\t<\/div>\n\t\t","protected":false},"excerpt":{"rendered":"<p>Wer wir sind Die Macher hinter Fotoboxx Entwickelt wurde die Fotoboxx im Auftrag der kamasys GmbH. Der IT-Dienstleister entwickelt seit 20 Jahren L\u00f6sungen f\u00fcr die Gemeinschaftsverpflegung. Neben dem Kerngesch\u00e4ft \u2013 u. a. Mobile Anwendungen f\u00fcr Betriebsrestaurants, Digital-Signage-Systeme sowie Kassensysteme \u2013 ist die Fotoboxx als All-in-one-L\u00f6sung f\u00fcr die Produktfotografie die erste L\u00f6sung, die Branchen\u00fcbergreifend auch au\u00dferhalb [&hellip;]<\/p>\n","protected":false},"author":1,"featured_media":0,"parent":0,"menu_order":0,"comment_status":"closed","ping_status":"closed","template":"template-homepage.php","meta":{"inline_featured_image":false,"footnotes":""},"class_list":["post-19579","page","type-page","status-publish","hentry"],"yoast_head":"<!-- This site is optimized with the Yoast SEO plugin v20.7 - https:\/\/yoast.com\/wordpress\/plugins\/seo\/ -->\n<title>Robuste Fotobox | Fotoboxx<\/title>\n<meta name=\"description\" content=\"Entwickelt wurde die Fotoboxx im Auftrag der kamasys GmbH. Der IT-Dienstleister entwickelt seit 20 Jahren L\u00f6sungen f\u00fcr die Gemeinschaftsverpflegung.\" \/>\n<meta name=\"robots\" content=\"index, follow, max-snippet:-1, max-image-preview:large, max-video-preview:-1\" \/>\n<link rel=\"canonical\" href=\"https:\/\/www.fotoboxx.shop\/index.php\/ueber-uns\/\" \/>\n<meta property=\"og:locale\" content=\"de_DE\" \/>\n<meta property=\"og:type\" content=\"article\" \/>\n<meta property=\"og:title\" content=\"Robuste Fotobox | Fotoboxx\" \/>\n<meta property=\"og:description\" content=\"Entwickelt wurde die Fotoboxx im Auftrag der kamasys GmbH. Der IT-Dienstleister entwickelt seit 20 Jahren L\u00f6sungen f\u00fcr die Gemeinschaftsverpflegung.\" \/>\n<meta property=\"og:url\" content=\"https:\/\/www.fotoboxx.shop\/index.php\/ueber-uns\/\" \/>\n<meta property=\"og:site_name\" content=\"Fotoboxx\" \/>\n<meta property=\"article:publisher\" content=\"https:\/\/www.facebook.com\/kamasysgmbh\" \/>\n<meta property=\"article:modified_time\" content=\"2023-05-16T12:13:44+00:00\" \/>\n<meta property=\"og:image\" content=\"https:\/\/www.fotoboxx.shop\/wp-content\/uploads\/2023\/05\/about1-img.jpg\" \/>\n<meta name=\"twitter:card\" content=\"summary_large_image\" \/>\n<meta name=\"twitter:label1\" content=\"Gesch\u00e4tzte Lesezeit\" \/>\n\t<meta name=\"twitter:data1\" content=\"2\u00a0Minuten\" \/>\n<script type=\"application\/ld+json\" class=\"yoast-schema-graph\">{\"@context\":\"https:\/\/schema.org\",\"@graph\":[{\"@type\":\"WebPage\",\"@id\":\"https:\/\/www.fotoboxx.shop\/index.php\/ueber-uns\/\",\"url\":\"https:\/\/www.fotoboxx.shop\/index.php\/ueber-uns\/\",\"name\":\"Robuste Fotobox | Fotoboxx\",\"isPartOf\":{\"@id\":\"https:\/\/www.fotoboxx.shop\/#website\"},\"datePublished\":\"2023-05-10T13:11:02+00:00\",\"dateModified\":\"2023-05-16T12:13:44+00:00\",\"description\":\"Entwickelt wurde die Fotoboxx im Auftrag der kamasys GmbH. Der IT-Dienstleister entwickelt seit 20 Jahren L\u00f6sungen f\u00fcr die Gemeinschaftsverpflegung.\",\"breadcrumb\":{\"@id\":\"https:\/\/www.fotoboxx.shop\/index.php\/ueber-uns\/#breadcrumb\"},\"inLanguage\":\"de\",\"potentialAction\":[{\"@type\":\"ReadAction\",\"target\":[\"https:\/\/www.fotoboxx.shop\/index.php\/ueber-uns\/\"]}]},{\"@type\":\"BreadcrumbList\",\"@id\":\"https:\/\/www.fotoboxx.shop\/index.php\/ueber-uns\/#breadcrumb\",\"itemListElement\":[{\"@type\":\"ListItem\",\"position\":1,\"name\":\"Home\",\"item\":\"https:\/\/www.fotoboxx.shop\/\"},{\"@type\":\"ListItem\",\"position\":2,\"name\":\"\u00dcber uns\"}]},{\"@type\":\"WebSite\",\"@id\":\"https:\/\/www.fotoboxx.shop\/#website\",\"url\":\"https:\/\/www.fotoboxx.shop\/\",\"name\":\"Fotoboxx\",\"description\":\"\",\"publisher\":{\"@id\":\"https:\/\/www.fotoboxx.shop\/#organization\"},\"potentialAction\":[{\"@type\":\"SearchAction\",\"target\":{\"@type\":\"EntryPoint\",\"urlTemplate\":\"https:\/\/www.fotoboxx.shop\/?s={search_term_string}\"},\"query-input\":\"required name=search_term_string\"}],\"inLanguage\":\"de\"},{\"@type\":\"Organization\",\"@id\":\"https:\/\/www.fotoboxx.shop\/#organization\",\"name\":\"Fotoboxx by kamasys\",\"url\":\"https:\/\/www.fotoboxx.shop\/\",\"logo\":{\"@type\":\"ImageObject\",\"inLanguage\":\"de\",\"@id\":\"https:\/\/www.fotoboxx.shop\/#\/schema\/logo\/image\/\",\"url\":\"https:\/\/www.fotoboxx.shop\/wp-content\/uploads\/2023\/04\/cropped-logo.png\",\"contentUrl\":\"https:\/\/www.fotoboxx.shop\/wp-content\/uploads\/2023\/04\/cropped-logo.png\",\"width\":241,\"height\":71,\"caption\":\"Fotoboxx by kamasys\"},\"image\":{\"@id\":\"https:\/\/www.fotoboxx.shop\/#\/schema\/logo\/image\/\"},\"sameAs\":[\"https:\/\/www.facebook.com\/kamasysgmbh\",\"https:\/\/www.instagram.com\/kamasys_gmbh\",\"https:\/\/de.linkedin.com\/company\/kamasys-gmbh\"]}]}<\/script>\n<!-- \/ Yoast SEO plugin. -->","yoast_head_json":{"title":"Robuste Fotobox | Fotoboxx","description":"Entwickelt wurde die Fotoboxx im Auftrag der kamasys GmbH. Der IT-Dienstleister entwickelt seit 20 Jahren L\u00f6sungen f\u00fcr die Gemeinschaftsverpflegung.","robots":{"index":"index","follow":"follow","max-snippet":"max-snippet:-1","max-image-preview":"max-image-preview:large","max-video-preview":"max-video-preview:-1"},"canonical":"https:\/\/www.fotoboxx.shop\/index.php\/ueber-uns\/","og_locale":"de_DE","og_type":"article","og_title":"Robuste Fotobox | Fotoboxx","og_description":"Entwickelt wurde die Fotoboxx im Auftrag der kamasys GmbH. Der IT-Dienstleister entwickelt seit 20 Jahren L\u00f6sungen f\u00fcr die Gemeinschaftsverpflegung.","og_url":"https:\/\/www.fotoboxx.shop\/index.php\/ueber-uns\/","og_site_name":"Fotoboxx","article_publisher":"https:\/\/www.facebook.com\/kamasysgmbh","article_modified_time":"2023-05-16T12:13:44+00:00","og_image":[{"url":"https:\/\/www.fotoboxx.shop\/wp-content\/uploads\/2023\/05\/about1-img.jpg"}],"twitter_card":"summary_large_image","twitter_misc":{"Gesch\u00e4tzte Lesezeit":"2\u00a0Minuten"},"schema":{"@context":"https:\/\/schema.org","@graph":[{"@type":"WebPage","@id":"https:\/\/www.fotoboxx.shop\/index.php\/ueber-uns\/","url":"https:\/\/www.fotoboxx.shop\/index.php\/ueber-uns\/","name":"Robuste Fotobox | Fotoboxx","isPartOf":{"@id":"https:\/\/www.fotoboxx.shop\/#website"},"datePublished":"2023-05-10T13:11:02+00:00","dateModified":"2023-05-16T12:13:44+00:00","description":"Entwickelt wurde die Fotoboxx im Auftrag der kamasys GmbH. Der IT-Dienstleister entwickelt seit 20 Jahren L\u00f6sungen f\u00fcr die Gemeinschaftsverpflegung.","breadcrumb":{"@id":"https:\/\/www.fotoboxx.shop\/index.php\/ueber-uns\/#breadcrumb"},"inLanguage":"de","potentialAction":[{"@type":"ReadAction","target":["https:\/\/www.fotoboxx.shop\/index.php\/ueber-uns\/"]}]},{"@type":"BreadcrumbList","@id":"https:\/\/www.fotoboxx.shop\/index.php\/ueber-uns\/#breadcrumb","itemListElement":[{"@type":"ListItem","position":1,"name":"Home","item":"https:\/\/www.fotoboxx.shop\/"},{"@type":"ListItem","position":2,"name":"\u00dcber uns"}]},{"@type":"WebSite","@id":"https:\/\/www.fotoboxx.shop\/#website","url":"https:\/\/www.fotoboxx.shop\/","name":"Fotoboxx","description":"","publisher":{"@id":"https:\/\/www.fotoboxx.shop\/#organization"},"potentialAction":[{"@type":"SearchAction","target":{"@type":"EntryPoint","urlTemplate":"https:\/\/www.fotoboxx.shop\/?s={search_term_string}"},"query-input":"required name=search_term_string"}],"inLanguage":"de"},{"@type":"Organization","@id":"https:\/\/www.fotoboxx.shop\/#organization","name":"Fotoboxx by kamasys","url":"https:\/\/www.fotoboxx.shop\/","logo":{"@type":"ImageObject","inLanguage":"de","@id":"https:\/\/www.fotoboxx.shop\/#\/schema\/logo\/image\/","url":"https:\/\/www.fotoboxx.shop\/wp-content\/uploads\/2023\/04\/cropped-logo.png","contentUrl":"https:\/\/www.fotoboxx.shop\/wp-content\/uploads\/2023\/04\/cropped-logo.png","width":241,"height":71,"caption":"Fotoboxx by kamasys"},"image":{"@id":"https:\/\/www.fotoboxx.shop\/#\/schema\/logo\/image\/"},"sameAs":["https:\/\/www.facebook.com\/kamasysgmbh","https:\/\/www.instagram.com\/kamasys_gmbh","https:\/\/de.linkedin.com\/company\/kamasys-gmbh"]}]}},"_links":{"self":[{"href":"https:\/\/www.fotoboxx.shop\/index.php\/wp-json\/wp\/v2\/pages\/19579","targetHints":{"allow":["GET"]}}],"collection":[{"href":"https:\/\/www.fotoboxx.shop\/index.php\/wp-json\/wp\/v2\/pages"}],"about":[{"href":"https:\/\/www.fotoboxx.shop\/index.php\/wp-json\/wp\/v2\/types\/page"}],"author":[{"embeddable":true,"href":"https:\/\/www.fotoboxx.shop\/index.php\/wp-json\/wp\/v2\/users\/1"}],"replies":[{"embeddable":true,"href":"https:\/\/www.fotoboxx.shop\/index.php\/wp-json\/wp\/v2\/comments?post=19579"}],"version-history":[{"count":23,"href":"https:\/\/www.fotoboxx.shop\/index.php\/wp-json\/wp\/v2\/pages\/19579\/revisions"}],"predecessor-version":[{"id":19860,"href":"https:\/\/www.fotoboxx.shop\/index.php\/wp-json\/wp\/v2\/pages\/19579\/revisions\/19860"}],"wp:attachment":[{"href":"https:\/\/www.fotoboxx.shop\/index.php\/wp-json\/wp\/v2\/media?parent=19579"}],"curies":[{"name":"wp","href":"https:\/\/api.w.org\/{rel}","templated":true}]}}