{"id":19711,"date":"2023-05-12T11:37:16","date_gmt":"2023-05-12T09:37:16","guid":{"rendered":"https:\/\/www.fotoboxx.shop\/?page_id=19711"},"modified":"2026-03-26T14:27:59","modified_gmt":"2026-03-26T13:27:59","slug":"impressum","status":"publish","type":"page","link":"https:\/\/www.fotoboxx.shop\/index.php\/impressum\/","title":{"rendered":"Impressum"},"content":{"rendered":"\t\t<div data-elementor-type=\"wp-page\" data-elementor-id=\"19711\" class=\"elementor elementor-19711\">\n\t\t\t\t\t\t\t\t\t<section class=\"elementor-section elementor-top-section elementor-element elementor-element-3cfc7b9a elementor-section-boxed elementor-section-height-default elementor-section-height-default\" data-id=\"3cfc7b9a\" data-element_type=\"section\">\n\t\t\t\t\t\t<div class=\"elementor-container elementor-column-gap-default\">\n\t\t\t\t\t<div class=\"elementor-column elementor-col-100 elementor-top-column elementor-element elementor-element-5dc6e63d\" data-id=\"5dc6e63d\" data-element_type=\"column\">\n\t\t\t<div class=\"elementor-widget-wrap elementor-element-populated\">\n\t\t\t\t\t\t\t\t<div class=\"elementor-element elementor-element-4179181d elementor-widget elementor-widget-text-editor\" data-id=\"4179181d\" data-element_type=\"widget\" data-widget_type=\"text-editor.default\">\n\t\t\t\t<div class=\"elementor-widget-container\">\n\t\t\t<style>\/*! elementor - v3.13.2 - 11-05-2023 *\/\n.elementor-widget-text-editor.elementor-drop-cap-view-stacked .elementor-drop-cap{background-color:#69727d;color:#fff}.elementor-widget-text-editor.elementor-drop-cap-view-framed .elementor-drop-cap{color:#69727d;border:3px solid;background-color:transparent}.elementor-widget-text-editor:not(.elementor-drop-cap-view-default) .elementor-drop-cap{margin-top:8px}.elementor-widget-text-editor:not(.elementor-drop-cap-view-default) .elementor-drop-cap-letter{width:1em;height:1em}.elementor-widget-text-editor .elementor-drop-cap{float:left;text-align:center;line-height:1;font-size:50px}.elementor-widget-text-editor .elementor-drop-cap-letter{display:inline-block}<\/style>\t\t\t\t<p><b>Postanschrift:<\/b><br \/>menio GmbH<br \/>Alexanderstra\u00dfe 3<br \/>30159 Hannover<br \/><br \/><\/p><p><b>Firmensitz:<\/b><br \/>menio GmbH<br \/>Alexanderstra\u00dfe 3<br \/>30159 Hannover<br \/><br \/><\/p><p>Telefon: +49-511 1658 990<br \/>E-Mail: <a title=\"\" href=\"mailto:info@kamasys.de\" target=\"_blank\" rel=\"noopener noreferrer\">info@kamasys.de<\/a><\/p><p><b>Gesch\u00e4ftsf\u00fchrer:<\/b><br \/>Andr\u00e9 von H\u00f6ren, Christian Br\u00fctzel, Marcel Konrad<br \/><br \/><\/p><p><b>Handelsregister:<\/b><br \/>HRB 207898 Amtsgericht Hannover<\/p><p><b>Steuernummer:<\/b><br \/>Ust-Id-Nr. DE280 054 349<\/p><p><b>Haftungsausschluss:<\/b><\/p><p><b>Informationen auf dieser Webseite<\/b><br \/>Die Inhalte unserer Internetseite werden mit gr\u00f6\u00dfter Sorgfalt recherchiert. Dennoch kann der Anbieter keine Haftung f\u00fcr die Richtigkeit, Vollst\u00e4ndigkeit und Aktualit\u00e4t der bereit gestellten Informationen \u00fcbernehmen.<\/p><p><b>Externe Links<\/b><br \/>Diese Website enth\u00e4lt Verkn\u00fcpfungen zu Websites Dritter (\u201cexterne Links\u201d). Diese Websites unterliegen der Haftung der jeweiligen Betreiber. Der Anbieter hat bei der erstmaligen Verkn\u00fcpfung der externen Links die fremden Inhalte daraufhin \u00fcberpr\u00fcft, ob etwaige Rechtsverst\u00f6\u00dfe bestehen. Zu dem Zeitpunkt waren keine Rechtsverst\u00f6\u00dfe ersichtlich. Der Anbieter hat keinerlei Einfluss auf die aktuelle und zuk\u00fcnftige Gestaltung und auf die Inhalte der verkn\u00fcpften Seiten. Das Setzen von externen Links bedeutet nicht, dass sich der Anbieter die hinter dem Verweis oder Link liegenden Inhalte zu Eigen macht. Eine st\u00e4ndige Kontrolle dieser externen Links ist f\u00fcr den Anbieter ohne konkrete Hinweise auf Rechtsverst\u00f6\u00dfe nicht zumutbar. Bei Kenntnis von Rechtsverst\u00f6\u00dfen werden jedoch derartige externe Links unverz\u00fcglich gel\u00f6scht.<\/p><p><b>Werbeanzeigen und Preisangaben<\/b><br \/>F\u00fcr den Inhalt der Werbeanzeigen ist der jeweilige Autor verantwortlich, ebenso wie f\u00fcr den Inhalt der beworbenen Website. Die Darstellung der Werbeanzeige stellt keine Akzeptanz durch den Anbieter dar. Die platzierten Preisangaben f\u00fcr Produkte und Dienstleistungen sind ohne Gew\u00e4hr.<\/p>\t\t\t\t\t\t<\/div>\n\t\t\t\t<\/div>\n\t\t\t\t\t<\/div>\n\t\t<\/div>\n\t\t\t\t\t\t\t<\/div>\n\t\t<\/section>\n\t\t\t\t\t\t\t<\/div>\n\t\t","protected":false},"excerpt":{"rendered":"<p>Postanschrift:menio GmbHAlexanderstra\u00dfe 330159 Hannover Firmensitz:menio GmbHAlexanderstra\u00dfe 330159 Hannover Telefon: +49-511 1658 990E-Mail: info@kamasys.de Gesch\u00e4ftsf\u00fchrer:Andr\u00e9 von H\u00f6ren, Christian Br\u00fctzel, Marcel Konrad Handelsregister:HRB 207898 Amtsgericht Hannover Steuernummer:Ust-Id-Nr. DE280 054 349 Haftungsausschluss: Informationen auf dieser WebseiteDie Inhalte unserer Internetseite werden mit gr\u00f6\u00dfter Sorgfalt recherchiert. Dennoch kann der Anbieter keine Haftung f\u00fcr die Richtigkeit, Vollst\u00e4ndigkeit und Aktualit\u00e4t der bereit [&hellip;]<\/p>\n","protected":false},"author":1,"featured_media":0,"parent":0,"menu_order":0,"comment_status":"closed","ping_status":"closed","template":"","meta":{"inline_featured_image":false,"footnotes":""},"class_list":["post-19711","page","type-page","status-publish","hentry"],"yoast_head":"<!-- This site is optimized with the Yoast SEO plugin v20.7 - https:\/\/yoast.com\/wordpress\/plugins\/seo\/ -->\n<title>Impressum - Fotoboxx<\/title>\n<meta name=\"robots\" content=\"index, follow, max-snippet:-1, max-image-preview:large, max-video-preview:-1\" \/>\n<link rel=\"canonical\" href=\"https:\/\/www.fotoboxx.shop\/index.php\/impressum\/\" \/>\n<meta property=\"og:locale\" content=\"de_DE\" \/>\n<meta property=\"og:type\" content=\"article\" \/>\n<meta property=\"og:title\" content=\"Impressum - Fotoboxx\" \/>\n<meta property=\"og:description\" content=\"Postanschrift:menio GmbHAlexanderstra\u00dfe 330159 Hannover Firmensitz:menio GmbHAlexanderstra\u00dfe 330159 Hannover Telefon: +49-511 1658 990E-Mail: info@kamasys.de Gesch\u00e4ftsf\u00fchrer:Andr\u00e9 von H\u00f6ren, Christian Br\u00fctzel, Marcel Konrad Handelsregister:HRB 207898 Amtsgericht Hannover Steuernummer:Ust-Id-Nr. DE280 054 349 Haftungsausschluss: Informationen auf dieser WebseiteDie Inhalte unserer Internetseite werden mit gr\u00f6\u00dfter Sorgfalt recherchiert. Dennoch kann der Anbieter keine Haftung f\u00fcr die Richtigkeit, Vollst\u00e4ndigkeit und Aktualit\u00e4t der bereit [&hellip;]\" \/>\n<meta property=\"og:url\" content=\"https:\/\/www.fotoboxx.shop\/index.php\/impressum\/\" \/>\n<meta property=\"og:site_name\" content=\"Fotoboxx\" \/>\n<meta property=\"article:publisher\" content=\"https:\/\/www.facebook.com\/kamasysgmbh\" \/>\n<meta property=\"article:modified_time\" content=\"2026-03-26T13:27:59+00:00\" \/>\n<meta name=\"twitter:card\" content=\"summary_large_image\" \/>\n<meta name=\"twitter:label1\" content=\"Gesch\u00e4tzte Lesezeit\" \/>\n\t<meta name=\"twitter:data1\" content=\"2\u00a0Minuten\" \/>\n<script type=\"application\/ld+json\" class=\"yoast-schema-graph\">{\"@context\":\"https:\/\/schema.org\",\"@graph\":[{\"@type\":\"WebPage\",\"@id\":\"https:\/\/www.fotoboxx.shop\/index.php\/impressum\/\",\"url\":\"https:\/\/www.fotoboxx.shop\/index.php\/impressum\/\",\"name\":\"Impressum - Fotoboxx\",\"isPartOf\":{\"@id\":\"https:\/\/www.fotoboxx.shop\/#website\"},\"datePublished\":\"2023-05-12T09:37:16+00:00\",\"dateModified\":\"2026-03-26T13:27:59+00:00\",\"breadcrumb\":{\"@id\":\"https:\/\/www.fotoboxx.shop\/index.php\/impressum\/#breadcrumb\"},\"inLanguage\":\"de\",\"potentialAction\":[{\"@type\":\"ReadAction\",\"target\":[\"https:\/\/www.fotoboxx.shop\/index.php\/impressum\/\"]}]},{\"@type\":\"BreadcrumbList\",\"@id\":\"https:\/\/www.fotoboxx.shop\/index.php\/impressum\/#breadcrumb\",\"itemListElement\":[{\"@type\":\"ListItem\",\"position\":1,\"name\":\"Home\",\"item\":\"https:\/\/www.fotoboxx.shop\/\"},{\"@type\":\"ListItem\",\"position\":2,\"name\":\"Impressum\"}]},{\"@type\":\"WebSite\",\"@id\":\"https:\/\/www.fotoboxx.shop\/#website\",\"url\":\"https:\/\/www.fotoboxx.shop\/\",\"name\":\"Fotoboxx\",\"description\":\"\",\"publisher\":{\"@id\":\"https:\/\/www.fotoboxx.shop\/#organization\"},\"potentialAction\":[{\"@type\":\"SearchAction\",\"target\":{\"@type\":\"EntryPoint\",\"urlTemplate\":\"https:\/\/www.fotoboxx.shop\/?s={search_term_string}\"},\"query-input\":\"required name=search_term_string\"}],\"inLanguage\":\"de\"},{\"@type\":\"Organization\",\"@id\":\"https:\/\/www.fotoboxx.shop\/#organization\",\"name\":\"Fotoboxx by kamasys\",\"url\":\"https:\/\/www.fotoboxx.shop\/\",\"logo\":{\"@type\":\"ImageObject\",\"inLanguage\":\"de\",\"@id\":\"https:\/\/www.fotoboxx.shop\/#\/schema\/logo\/image\/\",\"url\":\"https:\/\/www.fotoboxx.shop\/wp-content\/uploads\/2023\/04\/cropped-logo.png\",\"contentUrl\":\"https:\/\/www.fotoboxx.shop\/wp-content\/uploads\/2023\/04\/cropped-logo.png\",\"width\":241,\"height\":71,\"caption\":\"Fotoboxx by kamasys\"},\"image\":{\"@id\":\"https:\/\/www.fotoboxx.shop\/#\/schema\/logo\/image\/\"},\"sameAs\":[\"https:\/\/www.facebook.com\/kamasysgmbh\",\"https:\/\/www.instagram.com\/kamasys_gmbh\",\"https:\/\/de.linkedin.com\/company\/kamasys-gmbh\"]}]}<\/script>\n<!-- \/ Yoast SEO plugin. -->","yoast_head_json":{"title":"Impressum - Fotoboxx","robots":{"index":"index","follow":"follow","max-snippet":"max-snippet:-1","max-image-preview":"max-image-preview:large","max-video-preview":"max-video-preview:-1"},"canonical":"https:\/\/www.fotoboxx.shop\/index.php\/impressum\/","og_locale":"de_DE","og_type":"article","og_title":"Impressum - Fotoboxx","og_description":"Postanschrift:menio GmbHAlexanderstra\u00dfe 330159 Hannover Firmensitz:menio GmbHAlexanderstra\u00dfe 330159 Hannover Telefon: +49-511 1658 990E-Mail: info@kamasys.de Gesch\u00e4ftsf\u00fchrer:Andr\u00e9 von H\u00f6ren, Christian Br\u00fctzel, Marcel Konrad Handelsregister:HRB 207898 Amtsgericht Hannover Steuernummer:Ust-Id-Nr. DE280 054 349 Haftungsausschluss: Informationen auf dieser WebseiteDie Inhalte unserer Internetseite werden mit gr\u00f6\u00dfter Sorgfalt recherchiert. Dennoch kann der Anbieter keine Haftung f\u00fcr die Richtigkeit, Vollst\u00e4ndigkeit und Aktualit\u00e4t der bereit [&hellip;]","og_url":"https:\/\/www.fotoboxx.shop\/index.php\/impressum\/","og_site_name":"Fotoboxx","article_publisher":"https:\/\/www.facebook.com\/kamasysgmbh","article_modified_time":"2026-03-26T13:27:59+00:00","twitter_card":"summary_large_image","twitter_misc":{"Gesch\u00e4tzte Lesezeit":"2\u00a0Minuten"},"schema":{"@context":"https:\/\/schema.org","@graph":[{"@type":"WebPage","@id":"https:\/\/www.fotoboxx.shop\/index.php\/impressum\/","url":"https:\/\/www.fotoboxx.shop\/index.php\/impressum\/","name":"Impressum - Fotoboxx","isPartOf":{"@id":"https:\/\/www.fotoboxx.shop\/#website"},"datePublished":"2023-05-12T09:37:16+00:00","dateModified":"2026-03-26T13:27:59+00:00","breadcrumb":{"@id":"https:\/\/www.fotoboxx.shop\/index.php\/impressum\/#breadcrumb"},"inLanguage":"de","potentialAction":[{"@type":"ReadAction","target":["https:\/\/www.fotoboxx.shop\/index.php\/impressum\/"]}]},{"@type":"BreadcrumbList","@id":"https:\/\/www.fotoboxx.shop\/index.php\/impressum\/#breadcrumb","itemListElement":[{"@type":"ListItem","position":1,"name":"Home","item":"https:\/\/www.fotoboxx.shop\/"},{"@type":"ListItem","position":2,"name":"Impressum"}]},{"@type":"WebSite","@id":"https:\/\/www.fotoboxx.shop\/#website","url":"https:\/\/www.fotoboxx.shop\/","name":"Fotoboxx","description":"","publisher":{"@id":"https:\/\/www.fotoboxx.shop\/#organization"},"potentialAction":[{"@type":"SearchAction","target":{"@type":"EntryPoint","urlTemplate":"https:\/\/www.fotoboxx.shop\/?s={search_term_string}"},"query-input":"required name=search_term_string"}],"inLanguage":"de"},{"@type":"Organization","@id":"https:\/\/www.fotoboxx.shop\/#organization","name":"Fotoboxx by kamasys","url":"https:\/\/www.fotoboxx.shop\/","logo":{"@type":"ImageObject","inLanguage":"de","@id":"https:\/\/www.fotoboxx.shop\/#\/schema\/logo\/image\/","url":"https:\/\/www.fotoboxx.shop\/wp-content\/uploads\/2023\/04\/cropped-logo.png","contentUrl":"https:\/\/www.fotoboxx.shop\/wp-content\/uploads\/2023\/04\/cropped-logo.png","width":241,"height":71,"caption":"Fotoboxx by kamasys"},"image":{"@id":"https:\/\/www.fotoboxx.shop\/#\/schema\/logo\/image\/"},"sameAs":["https:\/\/www.facebook.com\/kamasysgmbh","https:\/\/www.instagram.com\/kamasys_gmbh","https:\/\/de.linkedin.com\/company\/kamasys-gmbh"]}]}},"_links":{"self":[{"href":"https:\/\/www.fotoboxx.shop\/index.php\/wp-json\/wp\/v2\/pages\/19711","targetHints":{"allow":["GET"]}}],"collection":[{"href":"https:\/\/www.fotoboxx.shop\/index.php\/wp-json\/wp\/v2\/pages"}],"about":[{"href":"https:\/\/www.fotoboxx.shop\/index.php\/wp-json\/wp\/v2\/types\/page"}],"author":[{"embeddable":true,"href":"https:\/\/www.fotoboxx.shop\/index.php\/wp-json\/wp\/v2\/users\/1"}],"replies":[{"embeddable":true,"href":"https:\/\/www.fotoboxx.shop\/index.php\/wp-json\/wp\/v2\/comments?post=19711"}],"version-history":[{"count":7,"href":"https:\/\/www.fotoboxx.shop\/index.php\/wp-json\/wp\/v2\/pages\/19711\/revisions"}],"predecessor-version":[{"id":20043,"href":"https:\/\/www.fotoboxx.shop\/index.php\/wp-json\/wp\/v2\/pages\/19711\/revisions\/20043"}],"wp:attachment":[{"href":"https:\/\/www.fotoboxx.shop\/index.php\/wp-json\/wp\/v2\/media?parent=19711"}],"curies":[{"name":"wp","href":"https:\/\/api.w.org\/{rel}","templated":true}]}}